{"id":546,"date":"2017-06-29T09:11:15","date_gmt":"2017-06-29T09:11:15","guid":{"rendered":"http:\/\/wordpresstheme.net\/dump\/?page_id=546"},"modified":"2023-02-19T11:01:34","modified_gmt":"2023-02-19T11:01:34","slug":"home-version-2","status":"publish","type":"page","link":"https:\/\/www.advokatveraskrbic.com\/sr\/","title":{"rendered":"\u041f\u041e\u0427\u0415\u0422\u041d\u0410 \u0421\u0422\u0420\u0410\u041d\u0410"},"content":{"rendered":"<section class=\"wpb-content-wrapper\"><div data-vc-full-width=\"true\" data-vc-full-width-init=\"false\" data-vc-stretch-content=\"true\" class=\"vc_row wpb_row vc_row-fluid vc_custom_1496823845167 vc_row-no-padding\"><div class=\"wpb_column vc_column_container vc_col-sm-12\"><div class=\"vc_column-inner vc_custom_1496823853316\"><div class=\"wpb_wrapper\">\n\t\t\t<!-- START bannerslider REVOLUTION SLIDER 6.2.23 --><p class=\"rs-p-wp-fix\"><\/p>\n\t\t\t<rs-module-wrap id=\"rev_slider_1_1_wrapper\" data-source=\"gallery\" style=\"background:#ffffff;padding:0;margin:0px auto;margin-top:0;margin-bottom:0;max-width:;\">\n\t\t\t\t<rs-module id=\"rev_slider_1_1\" style=\"\" data-version=\"6.2.23\">\n\t\t\t\t\t<rs-slides>\n\t\t\t\t\t\t<rs-slide data-key=\"rs-1\" data-title=\"Slide\" data-anim=\"ei:d;eo:d;s:600;r:0;t:fade;sl:d;\">\n\t\t\t\t\t\t\t<img loading=\"lazy\" decoding=\"async\" src=\"\/\/www.advokatveraskrbic.com\/wp-content\/uploads\/2023\/02\/bozicapravde.png\" title=\"bozicapravde\" width=\"1920\" height=\"1080\" class=\"rev-slidebg\" data-no-retina>\n<!--\n\t\t\t\t\t\t\t--><rs-layer\n\t\t\t\t\t\t\t\tid=\"slider-1-slide-1-layer-0\" \n\t\t\t\t\t\t\t\tdata-type=\"text\"\n\t\t\t\t\t\t\t\tdata-rsp_ch=\"on\"\n\t\t\t\t\t\t\t\tdata-xy=\"xo:199px,199px,199px,76px;yo:249px,249px,249px,95px;\"\n\t\t\t\t\t\t\t\tdata-text=\"w:normal;s:48,48,48,17;l:48,48,48,17;\"\n\t\t\t\t\t\t\t\tdata-frame_1=\"sp:900;\"\n\t\t\t\t\t\t\t\tdata-frame_999=\"o:0;st:w;sR:8100;\"\n\t\t\t\t\t\t\t\tstyle=\"z-index:8;font-family:Montserrat;\"\n\t\t\t\t\t\t\t>\"Da mihi factum dabo tibi ius\" \n\t\t\t\t\t\t\t<\/rs-layer><!--\n-->\t\t\t\t\t\t<\/rs-slide>\n\t\t\t\t\t<\/rs-slides>\n\t\t\t\t<\/rs-module>\n\t\t\t\t<script type=\"text\/javascript\">\n\t\t\t\t\tsetREVStartSize({c: 'rev_slider_1_1',rl:[1240,1240,1240,480],el:[776,776,776,320],gw:[1240,1240,1240,480],gh:[776,776,776,320],type:'standard',justify:'',layout:'fullwidth',mh:\"0\"});\n\t\t\t\t\tvar\trevapi1,\n\t\t\t\t\t\ttpj;\n\t\t\t\t\tfunction revinit_revslider11() {\n\t\t\t\t\tjQuery(function() {\n\t\t\t\t\t\ttpj = jQuery;\n\t\t\t\t\t\trevapi1 = tpj(\"#rev_slider_1_1\");\n\t\t\t\t\t\tif(revapi1==undefined || revapi1.revolution == undefined){\n\t\t\t\t\t\t\trevslider_showDoubleJqueryError(\"rev_slider_1_1\");\n\t\t\t\t\t\t}else{\n\t\t\t\t\t\t\trevapi1.revolution({\n\t\t\t\t\t\t\t\tvisibilityLevels:\"1240,1240,1240,480\",\n\t\t\t\t\t\t\t\tgridwidth:\"1240,1240,1240,480\",\n\t\t\t\t\t\t\t\tgridheight:\"776,776,776,320\",\n\t\t\t\t\t\t\t\tspinner:\"spinner3\",\n\t\t\t\t\t\t\t\tperspective:600,\n\t\t\t\t\t\t\t\tperspectiveType:\"local\",\n\t\t\t\t\t\t\t\teditorheight:\"776,768,960,320\",\n\t\t\t\t\t\t\t\tresponsiveLevels:\"1240,1240,1240,480\",\n\t\t\t\t\t\t\t\tprogressBar:{disableProgressBar:true},\n\t\t\t\t\t\t\t\tnavigation: {\n\t\t\t\t\t\t\t\t\tmouseScrollNavigation:false,\n\t\t\t\t\t\t\t\t\tonHoverStop:false,\n\t\t\t\t\t\t\t\t\ttouch: {\n\t\t\t\t\t\t\t\t\t\ttouchenabled:true\n\t\t\t\t\t\t\t\t\t}\n\t\t\t\t\t\t\t\t},\n\t\t\t\t\t\t\t\tfallbacks: {\n\t\t\t\t\t\t\t\t\tallowHTML5AutoPlayOnAndroid:true\n\t\t\t\t\t\t\t\t},\n\t\t\t\t\t\t\t});\n\t\t\t\t\t\t}\n\t\t\t\t\t\t\n\t\t\t\t\t});\n\t\t\t\t\t} \/\/ End of RevInitScript\n\t\t\t\tvar once_revslider11 = false;\n\t\t\t\tif (document.readyState === \"loading\") {document.addEventListener('readystatechange',function() { if((document.readyState === \"interactive\" || document.readyState === \"complete\") && !once_revslider11 ) { once_revslider11 = true; revinit_revslider11();}});} else {once_revslider11 = true; revinit_revslider11();}\n\t\t\t\t<\/script>\n\t\t\t\t<script>\n\t\t\t\t\tvar htmlDivCss = '\t#rev_slider_1_1_wrapper rs-loader.spinner3 div { background-color: #a68f65 !important; } ';\n\t\t\t\t\tvar htmlDiv = document.getElementById('rs-plugin-settings-inline-css');\n\t\t\t\t\tif(htmlDiv) {\n\t\t\t\t\t\thtmlDiv.innerHTML = htmlDiv.innerHTML + htmlDivCss;\n\t\t\t\t\t}else{\n\t\t\t\t\t\tvar htmlDiv = document.createElement('div');\n\t\t\t\t\t\thtmlDiv.innerHTML = '<style>' + htmlDivCss + '<\/style>';\n\t\t\t\t\t\tdocument.getElementsByTagName('head')[0].appendChild(htmlDiv.childNodes[0]);\n\t\t\t\t\t}\n\t\t\t\t<\/script>\n\t\t\t<\/rs-module-wrap>\n\t\t\t<!-- END REVOLUTION SLIDER -->\n<\/div><\/div><\/div><\/div><div class=\"vc_row-full-width vc_clearfix\"><\/div><div data-vc-full-width=\"true\" data-vc-full-width-init=\"false\" class=\"vc_row wpb_row vc_row-fluid vc_custom_1499322270730 vc_row-has-fill\"><div class=\"wpb_column vc_column_container vc_col-sm-12\"><div class=\"vc_column-inner vc_custom_1496743058962\"><div class=\"wpb_wrapper\"><h3 style=\"font-size: 30px;line-height: 40px;text-align: center\" class=\"vc_custom_heading vc_custom_1676294946925\" >NA\u010cELA KANCELARIJE<\/h3><div class=\"vc_separator wpb_content_element vc_separator_align_center vc_sep_width_100 vc_sep_border_width_8 vc_sep_pos_align_center vc_separator_no_text vc_custom_1499322220096  vc_custom_1499322220096\" ><span class=\"vc_sep_holder vc_sep_holder_l\"><span style=\"border-color:#9c865f;\" class=\"vc_sep_line\"><\/span><\/span><span class=\"vc_sep_holder vc_sep_holder_r\"><span style=\"border-color:#9c865f;\" class=\"vc_sep_line\"><\/span><\/span>\n<\/div>\n\t<div class=\"wpb_text_column wpb_content_element  vc_custom_1676804493438 home-welcome-text\" >\n\t\t<div class=\"wpb_wrapper\">\n\t\t\t<p style=\"text-align: center;\">Na\u010dela rada ove kancelarije su strogo po\u0161tovanje principa profesionalne tajnosti, te kodeksa advokatske etike.<br \/>\nAdvokat pored osnovne du\u017enosti da \u0161titi i zastupa interese klijenata, mora da bude \u010duvar ustavnosti i zakonitosti. U obavljenju advokatske djelatnosti mora da po\u0161tuje Kodeks profesionalne etike advokata i zna da je najbolja preporuka za advokata da bude nezavisan, savjestan, po\u0161ten, da \u010duva advokatsku tajnu i ugled advokature. Preporuke trebaju da budu jo\u0161 i veliko znanje, odmjerenost i analiti\u010dan prilaz problemu. Ovim na\u010delima sam se rukovodila kada je advokataska kancelarija osnovana, kada sam se upisala u Imenik advokata i po\u010dela da se bavim advokaturom. Uz strogo po\u0161tovanje ovih na\u010dela, danas poslije ste\u010denog iskustva u ovoj djelatnosti, dr\u017eim se i principa da je advokatske usluge neophodno stalno usavr\u0161avati i unapre\u0111ivati u skladu sa zahtjevima klijenata, potrebama savremenog dru\u0161tva i \u010destim promjenama propisa. Kvalitet usluga stvara se ulo\u017eenim radom, energijom i trudom. Saglasno navedenom, osnovni princip rada moje advokatske kancelarije jeste u preuzimanju obaveze da se odgovorno i profesionalno svakodnevno posve\u0107ujem rje\u0161avanju svih pravnih problema svojih klijenata.<\/p>\n\n\t\t<\/div>\n\t<\/div>\n<div class=\"vc_separator wpb_content_element vc_separator_align_center vc_sep_width_100 vc_sep_border_width_8 vc_sep_pos_align_center vc_separator_no_text vc_custom_1499322248722  vc_custom_1499322248722\" ><span class=\"vc_sep_holder vc_sep_holder_l\"><span style=\"border-color:#9c865f;\" class=\"vc_sep_line\"><\/span><\/span><span class=\"vc_sep_holder vc_sep_holder_r\"><span style=\"border-color:#9c865f;\" class=\"vc_sep_line\"><\/span><\/span>\n<\/div><h3 style=\"font-size: 30px;line-height: 40px;text-align: center\" class=\"vc_custom_heading vc_custom_1676535435283\" >STRU\u010cNE OBLASTI<\/h3><div class=\"vc_row wpb_row vc_inner vc_row-fluid\"><div class=\"wpb_column vc_column_container vc_col-sm-4\"><div class=\"vc_column-inner\"><div class=\"wpb_wrapper\"><div  class=\"vc_wp_custommenu wpb_content_element\"><div class=\"widget widget_nav_menu\"><div class=\"menu-stvarno-pravo-i-imovinski-odnosi-nekretnine-container\"><ul id=\"menu-stvarno-pravo-i-imovinski-odnosi-nekretnine\" class=\"menu\"><li id=\"menu-item-1463\" class=\"menu-item menu-item-type-custom menu-item-object-custom menu-item-1463\"><a href=\"https:\/\/www.advokatveraskrbic.com\/strucneoblasti\/stvarnopravoiimovinskiodnosinekretnine\/\">Stvarno pravo i imovinski odnosi, nekretnine<\/a><\/li>\n<\/ul><\/div><\/div><\/div><\/div><\/div><\/div><div class=\"wpb_column vc_column_container vc_col-sm-4\"><div class=\"vc_column-inner\"><div class=\"wpb_wrapper\"><div  class=\"vc_wp_custommenu wpb_content_element\"><div class=\"widget widget_nav_menu\"><div class=\"menu-obligaciono-pravo-i-naknada-stete-container\"><ul id=\"menu-obligaciono-pravo-i-naknada-stete\" class=\"menu\"><li id=\"menu-item-1464\" class=\"menu-item menu-item-type-custom menu-item-object-custom menu-item-1464\"><a href=\"https:\/\/www.advokatveraskrbic.com\/strucneoblasti\/obligacionopravoinaknadastete\/\">Obligaciono pravo i naknada \u0161tete<\/a><\/li>\n<\/ul><\/div><\/div><\/div><\/div><\/div><\/div><div class=\"wpb_column vc_column_container vc_col-sm-4\"><div class=\"vc_column-inner\"><div class=\"wpb_wrapper\"><div  class=\"vc_wp_custommenu wpb_content_element\"><div class=\"widget widget_nav_menu\"><div class=\"menu-nasljedivanje-container\"><ul id=\"menu-nasljedivanje\" class=\"menu\"><li id=\"menu-item-1465\" class=\"menu-item menu-item-type-custom menu-item-object-custom menu-item-1465\"><a href=\"https:\/\/www.advokatveraskrbic.com\/strucneoblasti\/nasledjivanje\/\/nasledivanje\/\">Naslje\u0111ivanje<\/a><\/li>\n<\/ul><\/div><\/div><\/div><\/div><\/div><\/div><\/div><div class=\"vc_row wpb_row vc_inner vc_row-fluid\"><div class=\"wpb_column vc_column_container vc_col-sm-4\"><div class=\"vc_column-inner\"><div class=\"wpb_wrapper\"><div  class=\"vc_wp_custommenu wpb_content_element\"><div class=\"widget widget_nav_menu\"><div class=\"menu-razvod-braka-i-porodicni-odnosi-container\"><ul id=\"menu-razvod-braka-i-porodicni-odnosi\" class=\"menu\"><li id=\"menu-item-1466\" class=\"menu-item menu-item-type-custom menu-item-object-custom menu-item-1466\"><a href=\"https:\/\/www.advokatveraskrbic.com\/strucneoblasti\/razvodbrakaiporodicniodnosi\/\">Razvod braka i porodi\u010dni odnosi<\/a><\/li>\n<\/ul><\/div><\/div><\/div><\/div><\/div><\/div><div class=\"wpb_column vc_column_container vc_col-sm-4\"><div class=\"vc_column-inner\"><div class=\"wpb_wrapper\"><div  class=\"vc_wp_custommenu wpb_content_element\"><div class=\"widget widget_nav_menu\"><div class=\"menu-radno-pravo-i-radni-sporovi-container\"><ul id=\"menu-radno-pravo-i-radni-sporovi\" class=\"menu\"><li id=\"menu-item-1467\" class=\"menu-item menu-item-type-custom menu-item-object-custom menu-item-1467\"><a href=\"https:\/\/www.advokatveraskrbic.com\/strucneoblasti\/radnopravoiradnisporovi\/\">Radno pravo i radni sporovi<\/a><\/li>\n<\/ul><\/div><\/div><\/div><\/div><\/div><\/div><div class=\"wpb_column vc_column_container vc_col-sm-4\"><div class=\"vc_column-inner\"><div class=\"wpb_wrapper\"><div  class=\"vc_wp_custommenu wpb_content_element\"><div class=\"widget widget_nav_menu\"><div class=\"menu-privredno-pravo-container\"><ul id=\"menu-privredno-pravo\" class=\"menu\"><li id=\"menu-item-1468\" class=\"menu-item menu-item-type-custom menu-item-object-custom menu-item-1468\"><a href=\"https:\/\/www.advokatveraskrbic.com\/strucneoblasti\/privrednopravo\/\">Privredno pravo<\/a><\/li>\n<\/ul><\/div><\/div><\/div><\/div><\/div><\/div><\/div><div class=\"vc_row wpb_row vc_inner vc_row-fluid\"><div class=\"wpb_column vc_column_container vc_col-sm-4\"><div class=\"vc_column-inner\"><div class=\"wpb_wrapper\"><div  class=\"vc_wp_custommenu wpb_content_element\"><div class=\"widget widget_nav_menu\"><div class=\"menu-krivicni-postupak-container\"><ul id=\"menu-krivicni-postupak\" class=\"menu\"><li id=\"menu-item-1469\" class=\"menu-item menu-item-type-custom menu-item-object-custom menu-item-1469\"><a href=\"https:\/\/www.advokatveraskrbic.com\/strucneoblasti\/krivicnipostupak\/\">Krivi\u010dni postupak<\/a><\/li>\n<\/ul><\/div><\/div><\/div><\/div><\/div><\/div><div class=\"wpb_column vc_column_container vc_col-sm-4\"><div class=\"vc_column-inner\"><div class=\"wpb_wrapper\"><div  class=\"vc_wp_custommenu wpb_content_element\"><div class=\"widget widget_nav_menu\"><div class=\"menu-prekrsajni-postupak-container\"><ul id=\"menu-prekrsajni-postupak\" class=\"menu\"><li id=\"menu-item-1471\" class=\"menu-item menu-item-type-custom menu-item-object-custom menu-item-1471\"><a href=\"https:\/\/www.advokatveraskrbic.com\/strucneoblasti\/prekrsajnipostupak\/\">Prekr\u0161ajni postupak<\/a><\/li>\n<\/ul><\/div><\/div><\/div><\/div><\/div><\/div><div class=\"wpb_column vc_column_container vc_col-sm-4\"><div class=\"vc_column-inner\"><div class=\"wpb_wrapper\"><div  class=\"vc_wp_custommenu wpb_content_element\"><div class=\"widget widget_nav_menu\"><div class=\"menu-izvrsni-postupak-container\"><ul id=\"menu-izvrsni-postupak\" class=\"menu\"><li id=\"menu-item-1472\" class=\"menu-item menu-item-type-custom menu-item-object-custom menu-item-1472\"><a href=\"https:\/\/www.advokatveraskrbic.com\/strucneoblasti\/izvrsnipostupak\/\">Izvr\u0161ni postupak<\/a><\/li>\n<\/ul><\/div><\/div><\/div><\/div><\/div><\/div><\/div><div class=\"vc_row wpb_row vc_inner vc_row-fluid\"><div class=\"wpb_column vc_column_container vc_col-sm-4\"><div class=\"vc_column-inner\"><div class=\"wpb_wrapper\"><div  class=\"vc_wp_custommenu wpb_content_element\"><div class=\"widget widget_nav_menu\"><div class=\"menu-upravno-pravo-container\"><ul id=\"menu-upravno-pravo\" class=\"menu\"><li id=\"menu-item-1473\" class=\"menu-item menu-item-type-custom menu-item-object-custom menu-item-1473\"><a href=\"https:\/\/www.advokatveraskrbic.com\/strucneoblasti\/upravnopravo\/\">Upravno pravo<\/a><\/li>\n<\/ul><\/div><\/div><\/div><\/div><\/div><\/div><div class=\"wpb_column vc_column_container vc_col-sm-4\"><div class=\"vc_column-inner\"><div class=\"wpb_wrapper\"><div  class=\"vc_wp_custommenu wpb_content_element\"><div class=\"widget widget_nav_menu\"><div class=\"menu-javne-nabavke-container\"><ul id=\"menu-javne-nabavke\" class=\"menu\"><li id=\"menu-item-1474\" class=\"menu-item menu-item-type-custom menu-item-object-custom menu-item-1474\"><a href=\"https:\/\/www.advokatveraskrbic.com\/strucneoblasti\/javnenabavke\/\">Javne nabavke<\/a><\/li>\n<\/ul><\/div><\/div><\/div><\/div><\/div><\/div><div class=\"wpb_column vc_column_container vc_col-sm-4\"><div class=\"vc_column-inner\"><div class=\"wpb_wrapper\"><div  class=\"vc_wp_custommenu wpb_content_element\"><div class=\"widget widget_nav_menu\"><div class=\"menu-odricanje-od-drzavljanstva-i-prijem-u-drzavljanstvo-container\"><ul id=\"menu-odricanje-od-drzavljanstva-i-prijem-u-drzavljanstvo\" class=\"menu\"><li id=\"menu-item-1475\" class=\"menu-item menu-item-type-custom menu-item-object-custom menu-item-1475\"><a href=\"https:\/\/www.advokatveraskrbic.com\/strucneoblasti\/odricanjeoddrzavljanstva\/\">Odricanje od dr\u017eavljanstva i Prijem u dr\u017eavljanstvo<\/a><\/li>\n<\/ul><\/div><\/div><\/div><\/div><\/div><\/div><\/div><div class=\"vc_row wpb_row vc_inner vc_row-fluid\"><div class=\"wpb_column vc_column_container vc_col-sm-4\"><div class=\"vc_column-inner\"><div class=\"wpb_wrapper\"><div  class=\"vc_wp_custommenu wpb_content_element\"><div class=\"widget widget_nav_menu\"><div class=\"menu-prava-stranaca-container\"><ul id=\"menu-prava-stranaca\" class=\"menu\"><li id=\"menu-item-1499\" class=\"menu-item menu-item-type-custom menu-item-object-custom menu-item-1499\"><a href=\"https:\/\/www.advokatveraskrbic.com\/strucneoblasti\/pravastranaca\/\">Prava stranaca<\/a><\/li>\n<\/ul><\/div><\/div><\/div><\/div><\/div><\/div><div class=\"wpb_column vc_column_container vc_col-sm-4\"><div class=\"vc_column-inner\"><div class=\"wpb_wrapper\"><div  class=\"vc_wp_custommenu wpb_content_element\"><div class=\"widget widget_nav_menu\"><div class=\"menu-ljudska-prava-i-zastupanje-pred-ustavnim-sudom-container\"><ul id=\"menu-ljudska-prava-i-zastupanje-pred-ustavnim-sudom\" class=\"menu\"><li id=\"menu-item-1500\" class=\"menu-item menu-item-type-custom menu-item-object-custom menu-item-1500\"><a href=\"https:\/\/www.advokatveraskrbic.com\/strucneoblasti\/ljudska-prava-i-zastupanje-pred-ustavnim-sudom\/\">Ljudska prava i zastupanje pred Ustavnim sudom<\/a><\/li>\n<\/ul><\/div><\/div><\/div><\/div><\/div><\/div><div class=\"wpb_column vc_column_container vc_col-sm-4\"><div class=\"vc_column-inner\"><div class=\"wpb_wrapper\"><\/div><\/div><\/div><\/div><\/div><\/div><\/div><\/div><div class=\"vc_row-full-width vc_clearfix\"><\/div><div data-vc-full-width=\"true\" data-vc-full-width-init=\"false\" class=\"vc_row wpb_row vc_row-fluid vc_custom_1498797318084 vc_row-has-fill\"><div class=\"wpb_column vc_column_container vc_col-sm-12\"><div class=\"vc_column-inner vc_custom_1496743058962\"><div class=\"wpb_wrapper\">\n<div class=\"wpcf7 no-js\" id=\"wpcf7-f592-o1\" lang=\"en-US\" dir=\"ltr\" data-wpcf7-id=\"592\">\n<div class=\"screen-reader-response\"><p role=\"status\" aria-live=\"polite\" aria-atomic=\"true\"><\/p> <ul><\/ul><\/div>\n<form action=\"\/sr\/wp-json\/wp\/v2\/pages\/546#wpcf7-f592-o1\" method=\"post\" class=\"wpcf7-form init\" aria-label=\"Contact form\" novalidate=\"novalidate\" data-status=\"init\">\n<fieldset class=\"hidden-fields-container\"><input type=\"hidden\" name=\"_wpcf7\" value=\"592\" \/><input type=\"hidden\" name=\"_wpcf7_version\" value=\"6.1.5\" \/><input type=\"hidden\" name=\"_wpcf7_locale\" value=\"en_US\" \/><input type=\"hidden\" name=\"_wpcf7_unit_tag\" value=\"wpcf7-f592-o1\" \/><input type=\"hidden\" name=\"_wpcf7_container_post\" value=\"0\" \/><input type=\"hidden\" name=\"_wpcf7_posted_data_hash\" value=\"\" \/>\n<\/fieldset>\n<div class=\"contact-form home-concept-two\">\n\t<div class=\"row\">\n\t\t<div class=\"col-lg-4 col-md-4 col-sm-4 col-xs-12\">\n\t\t\t<div class=\"form-row\">\n\t\t\t\t<p><span class=\"wpcf7-form-control-wrap\" data-name=\"Name\"><input size=\"40\" maxlength=\"400\" class=\"wpcf7-form-control wpcf7-text wpcf7-validates-as-required\" aria-required=\"true\" aria-invalid=\"false\" placeholder=\"Ime i prezime\" value=\"\" type=\"text\" name=\"Name\" \/><\/span>\n\t\t\t\t<\/p>\n\t\t\t<\/div>\n\t\t<\/div>\n\t\t<div class=\"col-lg-4 col-md-4 col-sm-4 col-xs-12\">\n\t\t\t<div class=\"form-row\">\n\t\t\t\t<p><span class=\"wpcf7-form-control-wrap\" data-name=\"Email\"><input size=\"40\" maxlength=\"400\" class=\"wpcf7-form-control wpcf7-email wpcf7-validates-as-required wpcf7-text wpcf7-validates-as-email\" aria-required=\"true\" aria-invalid=\"false\" placeholder=\"E-mail\" value=\"\" type=\"email\" name=\"Email\" \/><\/span>\n\t\t\t\t<\/p>\n\t\t\t<\/div>\n\t\t<\/div>\n\t\t<div class=\"col-lg-4 col-md-4 col-sm-4 col-xs-12\">\n\t\t\t<div class=\"form-row\">\n\t\t\t\t<p><span class=\"wpcf7-form-control-wrap\" data-name=\"Phone\"><input size=\"40\" maxlength=\"400\" class=\"wpcf7-form-control wpcf7-tel wpcf7-text wpcf7-validates-as-tel\" aria-invalid=\"false\" placeholder=\"Telefon\" value=\"\" type=\"tel\" name=\"Phone\" \/><\/span>\n\t\t\t\t<\/p>\n\t\t\t<\/div>\n\t\t<\/div>\n\t<\/div>\n\t<div class=\"form-row\">\n\t\t<p><span class=\"wpcf7-form-control-wrap\" data-name=\"CaseDetails\"><textarea cols=\"40\" rows=\"10\" maxlength=\"2000\" class=\"wpcf7-form-control wpcf7-textarea wpcf7-validates-as-required\" aria-required=\"true\" aria-invalid=\"false\" placeholder=\"Tekst poruke\" name=\"CaseDetails\"><\/textarea><\/span>\n\t\t<\/p>\n\t<\/div>\n\t<div class=\"form-row last button\">\n\t\t<p><input class=\"wpcf7-form-control wpcf7-submit has-spinner\" type=\"submit\" value=\"Po\u0161aljite poruku\" \/>\n\t\t<\/p>\n\t<\/div>\n<\/div><div class=\"wpcf7-response-output\" aria-hidden=\"true\"><\/div>\n<\/form>\n<\/div>\n<\/div><\/div><\/div><\/div><div class=\"vc_row-full-width vc_clearfix\"><\/div>\n<\/section>","protected":false},"excerpt":{"rendered":"\"Da mihi factum dabo tibi ius\" NA\u010cELA KANCELARIJE Na\u010dela rada ove kancelarije su strogo po\u0161tovanje principa profesionalne tajnosti, te kodeksa advokatske etike. Advokat pored osnovne du\u017enosti da \u0161titi i zastupa interese klijenata, mora da bude \u010duvar ustavnosti i zakonitosti. U obavljenju advokatske djelatnosti mora da po\u0161tuje Kodeks profesionalne etike advokata i zna da je najbolja [...]","protected":false},"author":1,"featured_media":0,"parent":0,"menu_order":0,"comment_status":"closed","ping_status":"closed","template":"","meta":{"footnotes":""},"class_list":["post-546","page","type-page","status-publish","hentry"],"_links":{"self":[{"href":"https:\/\/www.advokatveraskrbic.com\/sr\/wp-json\/wp\/v2\/pages\/546","targetHints":{"allow":["GET"]}}],"collection":[{"href":"https:\/\/www.advokatveraskrbic.com\/sr\/wp-json\/wp\/v2\/pages"}],"about":[{"href":"https:\/\/www.advokatveraskrbic.com\/sr\/wp-json\/wp\/v2\/types\/page"}],"author":[{"embeddable":true,"href":"https:\/\/www.advokatveraskrbic.com\/sr\/wp-json\/wp\/v2\/users\/1"}],"replies":[{"embeddable":true,"href":"https:\/\/www.advokatveraskrbic.com\/sr\/wp-json\/wp\/v2\/comments?post=546"}],"version-history":[{"count":51,"href":"https:\/\/www.advokatveraskrbic.com\/sr\/wp-json\/wp\/v2\/pages\/546\/revisions"}],"predecessor-version":[{"id":1528,"href":"https:\/\/www.advokatveraskrbic.com\/sr\/wp-json\/wp\/v2\/pages\/546\/revisions\/1528"}],"wp:attachment":[{"href":"https:\/\/www.advokatveraskrbic.com\/sr\/wp-json\/wp\/v2\/media?parent=546"}],"curies":[{"name":"wp","href":"https:\/\/api.w.org\/{rel}","templated":true}]}}