{"id":64,"date":"2017-06-07T06:32:24","date_gmt":"2017-06-07T06:32:24","guid":{"rendered":"http:\/\/wordpresstheme.net\/dump\/?page_id=64"},"modified":"2023-02-14T06:52:17","modified_gmt":"2023-02-14T06:52:17","slug":"strucneoblasti","status":"publish","type":"page","link":"https:\/\/www.advokatveraskrbic.com\/sr\/strucneoblasti\/","title":{"rendered":"\u0421\u0422\u0420\u0423\u0427\u041d\u0415 \u041e\u0411\u041b\u0410\u0421\u0422\u0418"},"content":{"rendered":"<section class=\"wpb-content-wrapper\"><div data-vc-full-width=\"true\" data-vc-full-width-init=\"false\" class=\"vc_row wpb_row vc_row-fluid vc_custom_1499329035881 vc_row-has-fill\"><div class=\"wpb_column vc_column_container vc_col-sm-12\"><div class=\"vc_column-inner vc_custom_1496743058962\"><div class=\"wpb_wrapper\"><h1 style=\"text-align: center\" class=\"vc_custom_heading vc_custom_1676287350132\" >\u0421\u0422\u0420\u0423\u0427\u041d\u0415 \u041e\u0411\u041b\u0410\u0421\u0422\u0418<\/h1><div class=\"vc_separator wpb_content_element vc_separator_align_center vc_sep_width_100 vc_sep_border_width_8 vc_sep_pos_align_center vc_separator_no_text vc_custom_1499329047720  vc_custom_1499329047720\" ><span class=\"vc_sep_holder vc_sep_holder_l\"><span style=\"border-color:#9c865f;\" class=\"vc_sep_line\"><\/span><\/span><span class=\"vc_sep_holder vc_sep_holder_r\"><span style=\"border-color:#9c865f;\" class=\"vc_sep_line\"><\/span><\/span>\n<\/div><div class=\"vc_row wpb_row vc_inner vc_row-fluid vc_custom_1510747977487\"><div class=\"wpb_column vc_column_container vc_col-sm-12\"><div class=\"vc_column-inner vc_custom_1510747972103\"><div class=\"wpb_wrapper\"><div  class=\"wpb_widgetised_column wpb_content_element\">\n\t\t<div class=\"wpb_wrapper\">\n\t\t\t\n\t\t\t<section id=\"attorneypress_practice_areas_widget-1\" class=\"sidebar-widget widget_attorneypress_practice_areas_widget\"><h6 class=\"widget-title\">\u041e\u0431\u043b\u0430\u0441\u0442\u0438<\/h6>\n\t\t\t\t\t\t<ul class=\"menu\"><li class=\"page_item page-item-1377\"><a href=\"https:\/\/www.advokatveraskrbic.com\/sr\/strucneoblasti\/stvarnopravoiimovinskiodnosinekretnine\/\">\u0421\u0442\u0432\u0430\u0440\u043d\u043e \u043f\u0440\u0430\u0432\u043e \u0438 \u0438\u043c\u043e\u0432\u0438\u043d\u0441\u043a\u0438 \u043e\u0434\u043d\u043e\u0441\u0438,  \u043d\u0435\u043a\u0440\u0435\u0442\u043d\u0438\u043d\u0435<\/a><\/li>\n<li class=\"page_item page-item-1378\"><a href=\"https:\/\/www.advokatveraskrbic.com\/sr\/strucneoblasti\/obligacionopravoinaknadastete\/\">\u041e\u0431\u043b\u0438\u0433\u0430\u0446\u0438\u043e\u043d\u043e \u043f\u0440\u0430\u0432\u043e \u0438 \u043d\u0430\u043a\u043d\u0430\u0434\u0430 \u0448\u0442\u0435\u0442\u0435<\/a><\/li>\n<li class=\"page_item page-item-245\"><a href=\"https:\/\/www.advokatveraskrbic.com\/sr\/strucneoblasti\/nasledjivanje\/\">\u041d\u0430\u0441\u0459\u0435\u0452\u0438\u0432\u0430\u045a\u0435<\/a><\/li>\n<li class=\"page_item page-item-251\"><a href=\"https:\/\/www.advokatveraskrbic.com\/sr\/strucneoblasti\/razvodbrakaiporodicniodnosi\/\">\u0420\u0430\u0437\u0432\u043e\u0434 \u0431\u0440\u0430\u043a\u0430 \u0438 \u043f\u043e\u0440\u043e\u0434\u0438\u0447\u043d\u0438 \u043e\u0434\u043d\u043e\u0441\u0438<\/a><\/li>\n<li class=\"page_item page-item-1376\"><a href=\"https:\/\/www.advokatveraskrbic.com\/sr\/strucneoblasti\/radnopravoiradnisporovi\/\">\u0420\u0430\u0434\u043d\u043e \u043f\u0440\u0430\u0432\u043e \u0438 \u0440\u0430\u0434\u043d\u0438 \u0441\u043f\u043e\u0440\u043e\u0432\u0438<\/a><\/li>\n<li class=\"page_item page-item-1379\"><a href=\"https:\/\/www.advokatveraskrbic.com\/sr\/strucneoblasti\/privrednopravo\/\">\u041f\u0440\u0438\u0432\u0440\u0435\u0434\u043d\u043e \u043f\u0440\u0430\u0432\u043e<\/a><\/li>\n<li class=\"page_item page-item-1384\"><a href=\"https:\/\/www.advokatveraskrbic.com\/sr\/strucneoblasti\/krivicnipostupak\/\">\u041a\u0440\u0438\u0432\u0438\u0447\u043d\u0438 \u043f\u043e\u0441\u0442\u0443\u043f\u0430\u043a<\/a><\/li>\n<li class=\"page_item page-item-1385\"><a href=\"https:\/\/www.advokatveraskrbic.com\/sr\/strucneoblasti\/prekrsajnipostupak\/\">\u041f\u0440\u0435\u043a\u0440\u0448\u0430\u0458\u043d\u0438 \u043f\u043e\u0441\u0442\u0443\u043f\u0430\u043a<\/a><\/li>\n<li class=\"page_item page-item-1383\"><a href=\"https:\/\/www.advokatveraskrbic.com\/sr\/practice-areas\/izvrsnipostupak\/\">\u0418\u0437\u0432\u0440\u0448\u043d\u0438 \u043f\u043e\u0441\u0442\u0443\u043f\u0430\u043a<\/a><\/li>\n<li class=\"page_item page-item-1380\"><a href=\"https:\/\/www.advokatveraskrbic.com\/sr\/strucneoblasti\/upravnopravo\/\">\u0423\u043f\u0440\u0430\u0432\u043d\u043e \u043f\u0440\u0430\u0432\u043e<\/a><\/li>\n<li class=\"page_item page-item-1381\"><a href=\"https:\/\/www.advokatveraskrbic.com\/sr\/strucneoblasti\/javnenabavke\/\">\u0408\u0430\u0432\u043d\u0435 \u043d\u0430\u0431\u0430\u0432\u043a\u0435<\/a><\/li>\n<li class=\"page_item page-item-1382\"><a href=\"https:\/\/www.advokatveraskrbic.com\/sr\/strucneoblasti\/odricanjeoddrzavljanstva\/\">\u041e\u0434\u0440\u0438\u0446\u0430\u045a\u0435 \u043e\u0434 \u0434\u0440\u0436\u0430\u0432\u0459\u0430\u043d\u0441\u0442\u0432\u0430 \u0438 \u041f\u0440\u0438\u0458\u0435\u043c \u0443 \u0434\u0440\u0436\u0430\u0432\u0459\u0430\u043d\u0441\u0442\u0432\u043e<\/a><\/li>\n<li class=\"page_item page-item-1386\"><a href=\"https:\/\/www.advokatveraskrbic.com\/sr\/strucneoblasti\/pravastranaca\/\">\u041f\u0440\u0430\u0432\u0430 \u0441\u0442\u0440\u0430\u043d\u0430\u0446\u0430<\/a><\/li>\n<li class=\"page_item page-item-1498\"><a href=\"https:\/\/www.advokatveraskrbic.com\/sr\/strucneoblasti\/ljudska-prava-i-zastupanje-pred-ustavnim-sudom\/\">\u0409\u0443\u0434\u0441\u043a\u0430 \u043f\u0440\u0430\u0432\u0430 \u0438 \u0437\u0430\u0441\u0442\u0443\u043f\u0430\u045a\u0435  \u043f\u0440\u0435\u0434 \u0423\u0441\u0442\u0430\u0432\u043d\u0438\u043c \u0441\u0443\u0434\u043e\u043c<\/a><\/li>\n<\/ul><\/section>\n\t\t<\/div>\n\t<\/div>\n<\/div><\/div><\/div><\/div><\/div><\/div><\/div><\/div><div class=\"vc_row-full-width vc_clearfix\"><\/div>\n<\/section>","protected":false},"excerpt":{"rendered":"STRU\u010cNE OBLASTI Oblasti Stvarno pravo i imovinski odnosi, nekretnine Obligaciono pravo i naknada \u0161tete Naslje\u0111ivanje Razvod braka i porodi\u010dni odnosi Radno pravo i radni sporovi Privredno pravo Krivi\u010dni postupak Prekr\u0161ajni postupak Izvr\u0161ni postupak Upravno pravo Javne nabavke Odricanje od dr\u017eavljanstva i Prijem u dr\u017eavljanstvo Prava stranaca Ljudska prava i zastupanje pred Ustavnim sudom","protected":false},"author":1,"featured_media":226,"parent":0,"menu_order":0,"comment_status":"closed","ping_status":"closed","template":"","meta":{"footnotes":""},"class_list":["post-64","page","type-page","status-publish","has-post-thumbnail","hentry"],"_links":{"self":[{"href":"https:\/\/www.advokatveraskrbic.com\/sr\/wp-json\/wp\/v2\/pages\/64","targetHints":{"allow":["GET"]}}],"collection":[{"href":"https:\/\/www.advokatveraskrbic.com\/sr\/wp-json\/wp\/v2\/pages"}],"about":[{"href":"https:\/\/www.advokatveraskrbic.com\/sr\/wp-json\/wp\/v2\/types\/page"}],"author":[{"embeddable":true,"href":"https:\/\/www.advokatveraskrbic.com\/sr\/wp-json\/wp\/v2\/users\/1"}],"replies":[{"embeddable":true,"href":"https:\/\/www.advokatveraskrbic.com\/sr\/wp-json\/wp\/v2\/comments?post=64"}],"version-history":[{"count":6,"href":"https:\/\/www.advokatveraskrbic.com\/sr\/wp-json\/wp\/v2\/pages\/64\/revisions"}],"predecessor-version":[{"id":1453,"href":"https:\/\/www.advokatveraskrbic.com\/sr\/wp-json\/wp\/v2\/pages\/64\/revisions\/1453"}],"wp:featuredmedia":[{"embeddable":true,"href":"https:\/\/www.advokatveraskrbic.com\/sr\/wp-json\/"}],"wp:attachment":[{"href":"https:\/\/www.advokatveraskrbic.com\/sr\/wp-json\/wp\/v2\/media?parent=64"}],"curies":[{"name":"wp","href":"https:\/\/api.w.org\/{rel}","templated":true}]}}