{"id":70,"date":"2017-06-07T06:33:10","date_gmt":"2017-06-07T06:33:10","guid":{"rendered":"http:\/\/wordpresstheme.net\/dump\/?page_id=70"},"modified":"2023-02-19T10:05:25","modified_gmt":"2023-02-19T10:05:25","slug":"onama","status":"publish","type":"page","link":"https:\/\/www.advokatveraskrbic.com\/sr\/onama\/","title":{"rendered":"\u041e \u041d\u0410\u041c\u0410"},"content":{"rendered":"<section class=\"wpb-content-wrapper\"><div data-vc-full-width=\"true\" data-vc-full-width-init=\"false\" class=\"vc_row wpb_row vc_row-fluid vc_custom_1499322539141 vc_row-has-fill\"><div class=\"wpb_column vc_column_container vc_col-sm-12\"><div class=\"vc_column-inner vc_custom_1496743058962\"><div class=\"wpb_wrapper\"><div class=\"vc_separator wpb_content_element vc_separator_align_center vc_sep_width_100 vc_sep_border_width_8 vc_sep_pos_align_center vc_separator_no_text vc_custom_1499322482354  vc_custom_1499322482354\" ><span class=\"vc_sep_holder vc_sep_holder_l\"><span style=\"border-color:#9c865f;\" class=\"vc_sep_line\"><\/span><\/span><span class=\"vc_sep_holder vc_sep_holder_r\"><span style=\"border-color:#9c865f;\" class=\"vc_sep_line\"><\/span><\/span>\n<\/div>\n\t<div class=\"wpb_text_column wpb_content_element  vc_custom_1676801125045 home-welcome-text\" >\n\t\t<div class=\"wpb_wrapper\">\n\t\t\t<h4 style=\"text-align: justify;\">\u0410\u0434\u0432\u043e\u043a\u0430\u0442\u0441\u043a\u0430 \u043a\u0430\u043d\u0446\u0435\u043b\u0430\u0440\u0438\u0458\u0430 \u0412\u0435\u0440\u0430 \u0428\u043a\u0440\u0431\u0438\u045b  \u043f\u0440\u0443\u0436\u0430 \u0443\u0441\u043b\u0443\u0433\u0435 \u0443 \u0440\u0430\u0437\u043b\u0438\u0447\u0438\u0442\u0438\u043c \u043f\u0440\u0430\u0432\u043d\u0438\u043c \u043e\u0431\u043b\u0430\u0441\u0442\u0438\u043c\u0430 \u0438 \u0432\u0440\u0448\u0438 \u0441\u0430\u0432\u0458\u0435\u0442\u043e\u0432\u0430\u045a\u0435 \u0438 \u0437\u0430\u0441\u0442\u0443\u043f\u0430\u045a\u0435 \u0444\u0438\u0437\u0438\u0447\u043a\u0438\u0445 \u0438 \u043f\u0440\u0430\u0432\u043d\u0438\u0445 \u043b\u0438\u0446\u0430 \u0443 \u043f\u043e\u0441\u0442\u0443\u043f\u0446\u0438\u043c\u0430 \u043f\u0440\u0435\u0434 \u0441\u0443\u0434\u043e\u0432\u0438\u043c\u0430 \u0438 \u0443\u043f\u0440\u0430\u0432\u043d\u0438\u043c \u043e\u0440\u0433\u0430\u043d\u0438\u043c\u0430, \u043d\u0430 \u043f\u0440\u043e\u0441\u0442\u043e\u0440\u0443 \u0446\u0438\u0458\u0435\u043b\u0435 \u0420\u0435\u043f\u0443\u0431\u043b\u0438\u043a\u0435 \u0421\u0440\u043f\u0441\u043a\u0435, \u043e\u0434\u043d\u043e\u0441\u043d\u043e \u0411\u0438\u0425.<br \/>\n\u0421\u0458\u0435\u0434\u0438\u0448\u0442\u0435 \u0410\u0434\u0432\u043e\u043a\u0430\u0442\u0441\u043a\u0435 \u043a\u0430\u043d\u0446\u0435\u043b\u0430\u0440\u0438\u0458\u0435 \u0458\u0435 \u0443 \u0413\u0440\u0430\u0434\u0438\u0448\u0446\u0438, \u0443 \u0446\u0435\u043d\u0442\u0440\u0443 \u0433\u0440\u0430\u0434\u0430, \u0443 \u0431\u043b\u0438\u0437\u0438\u043d\u0438 \u0437\u0433\u0440\u0430\u0434\u0435 \u0441\u0458\u0435\u0434\u0438\u0448\u0442\u0430 \u0413\u0440\u0430\u0434\u0430 \u0413\u0440\u0430\u0434\u0438\u0448\u043a\u0430.<\/h4>\n<h4 style=\"text-align: justify;\"><em>\u0412\u0435\u0440\u0430 \u0428\u043a\u0440\u0431\u0438\u045b:<\/em><br \/>\n<em>\u0414\u0438\u043f\u043b\u043e\u043c\u0438\u0440\u0430\u043b\u0430 \u043d\u0430 \u041f\u0440\u0430\u0432\u043d\u043e\u043c \u0444\u0430\u043a\u0443\u043b\u0442\u0435\u0442\u0443 \u0423\u043d\u0438\u0432\u0435\u0440\u0437\u0438\u0442\u0435\u0442\u0430 \u0443 \u0411\u0430\u045a\u043e\u0458 \u041b\u0443\u0446\u0438 2009. \u0433\u043e\u0434\u0438\u043d\u0435. \u041f\u0440\u0430\u0432\u043e\u0441\u0443\u0434\u043d\u0438 \u0438\u0441\u043f\u0438\u0442 \u043f\u043e\u043b\u043e\u0436\u0438\u043b\u0430 \u043f\u0440\u0438 \u041c\u0438\u043d\u0438\u0441\u0442\u0430\u0440\u0441\u0442\u0432\u0443 \u043f\u0440\u0430\u0432\u0434\u0435 \u0420\u0435\u043f\u0443\u0431\u043b\u0438\u043a\u0435 \u0421\u0440\u043f\u0441\u043a\u0435 2015. \u0433\u043e\u0434\u0438\u043d\u0435. \u0410\u0434\u0432\u043e\u043a\u0430\u0442\u0441\u043a\u0438 \u0438\u0441\u043f\u0438\u0442 \u043f\u043e\u043b\u043e\u0436\u0438\u043b\u0430 2018. \u0433\u043e\u0434\u0438\u043d\u0435 \u043f\u0440\u0435\u0434 \u041a\u043e\u043c\u0438\u0441\u0438\u0458\u043e\u043c \u0410\u0434\u0432\u043e\u043a\u0430\u0442\u0441\u043a\u0435 \u043a\u043e\u043c\u043e\u0440\u0435 \u0420\u0435\u043f\u0443\u0431\u043b\u0438\u043a\u0435 \u0421\u0440\u043f\u0441\u043a\u0435, \u0442\u0435 \u0438\u0441\u0442\u0435 \u0433\u043e\u0434\u0438\u043d\u0435 \u0443\u043f\u0438\u0441\u0430\u043b\u0430 \u0441\u0435 \u0443 \u0418\u043c\u0435\u043d\u0438\u043a \u0430\u0434\u0432\u043e\u043a\u0430\u0442\u0430 \u0420\u0421 \u043a\u0430\u043e \u0441\u0430\u043c\u043e\u0441\u0442\u0430\u043b\u0430\u043d \u0430\u0434\u0432\u043e\u043a\u0430\u0442 \u0438 \u043e\u0441\u043d\u043e\u0432\u0430\u043b\u0430 \u043a\u0430\u043d\u0446\u0435\u043b\u0430\u0440\u0438\u0458\u0443 \u0441\u0430 \u0441\u0458\u0435\u0434\u0438\u0448\u0442\u0435\u043c \u0443 \u0413\u0440\u0430\u0434\u0438\u0448\u0446\u0438.<\/em><\/h4>\n<p><a href=\"https:\/\/www.advokatveraskrbic.com\/sr\/strucneoblasti\/\">O\u0411\u041b\u0410\u0421\u0422\u0418 \u0420\u0410\u0414\u0410<\/a><\/p>\n\n\t\t<\/div>\n\t<\/div>\n<\/div><\/div><\/div><\/div><div class=\"vc_row-full-width vc_clearfix\"><\/div>\n<\/section>","protected":false},"excerpt":{"rendered":"Advokatska kancelarija Vera \u0160krbi\u0107 pru\u017ea usluge u razli\u010ditim pravnim oblastima i vr\u0161i savjetovanje i zastupanje fizi\u010dkih i pravnih lica u postupcima pred sudovima i upravnim organima na prostoru cijele Republike Srpske, odnosno BiH. Sjedi\u0161te kancelarije nalazi se u centru grada, u neposrednoj blizini Gradske uprave Gradi\u0161ka. Vera \u0160krbi\u0107: Diplomirala na Pravnom fakultetu Univerziteta u Banjoj [...]","protected":false},"author":1,"featured_media":224,"parent":0,"menu_order":0,"comment_status":"closed","ping_status":"closed","template":"","meta":{"footnotes":""},"class_list":["post-70","page","type-page","status-publish","has-post-thumbnail","hentry"],"_links":{"self":[{"href":"https:\/\/www.advokatveraskrbic.com\/sr\/wp-json\/wp\/v2\/pages\/70","targetHints":{"allow":["GET"]}}],"collection":[{"href":"https:\/\/www.advokatveraskrbic.com\/sr\/wp-json\/wp\/v2\/pages"}],"about":[{"href":"https:\/\/www.advokatveraskrbic.com\/sr\/wp-json\/wp\/v2\/types\/page"}],"author":[{"embeddable":true,"href":"https:\/\/www.advokatveraskrbic.com\/sr\/wp-json\/wp\/v2\/users\/1"}],"replies":[{"embeddable":true,"href":"https:\/\/www.advokatveraskrbic.com\/sr\/wp-json\/wp\/v2\/comments?post=70"}],"version-history":[{"count":24,"href":"https:\/\/www.advokatveraskrbic.com\/sr\/wp-json\/wp\/v2\/pages\/70\/revisions"}],"predecessor-version":[{"id":1520,"href":"https:\/\/www.advokatveraskrbic.com\/sr\/wp-json\/wp\/v2\/pages\/70\/revisions\/1520"}],"wp:featuredmedia":[{"embeddable":true,"href":"https:\/\/www.advokatveraskrbic.com\/sr\/wp-json\/"}],"wp:attachment":[{"href":"https:\/\/www.advokatveraskrbic.com\/sr\/wp-json\/wp\/v2\/media?parent=70"}],"curies":[{"name":"wp","href":"https:\/\/api.w.org\/{rel}","templated":true}]}}